{"id":740,"date":"2018-02-22T18:39:07","date_gmt":"2018-02-22T18:39:07","guid":{"rendered":"http:\/\/local.psych\/?page_id=6"},"modified":"2022-04-11T20:38:09","modified_gmt":"2022-04-11T23:38:09","slug":"homepage","status":"publish","type":"page","link":"https:\/\/nathaliepsicologa.com\/","title":{"rendered":"P\u00e1gina Inicial"},"content":{"rendered":"<p>[vc_row][vc_column]\n  <div class=\"os-container\">\n    <div class=\"os-slider-w style-v1 without-arrows\" data-autoslide=\"0\">\n      <div class=\"os-slider-i\">\n        <div class=\"slide-navi-prev-v2\"><i class=\"os-icon os-icon-arrow-left2\"><\/i><\/div><div class=\"slide-navi-next-v2\"><i class=\"os-icon os-icon-arrow-right2\"><\/i><\/div>\n        <div class=\"scroll-arrow\">\n          <i class=\"os-icon os-icon-arrow-1-down arrow-first\"><\/i>\n          <i class=\"os-icon os-icon-arrow-1-down arrow-second\"><\/i>\n          <i class=\"os-icon os-icon-arrow-1-down arrow-third\"><\/i>\n          <i class=\"os-icon os-icon-mouse-2 arrow-mouse\"><\/i>\n        <\/div>\n        <svg class=\"os-intro-scroll-bg\" width=\"193px\" height=\"47px\" viewBox=\"0 0 193 47\" version=\"1.1\" xmlns=\"http:\/\/www.w3.org\/2000\/svg\" xmlns:xlink=\"http:\/\/www.w3.org\/1999\/xlink\">\n          <path d=\"M96.4967964,0.16015625 C143.388672,0.16015625 161.011719,32.3546569 193,46.4859222 L-1.02318154e-12,46.4859222 C31.6328125,29.2287075 49.6049209,0.16015625 96.4967964,0.16015625 Z\" id=\"Rectangle-5\" fill=\"#FFFFFF\"><\/path>\n        <\/svg><div class=\"os-slide-w active side-right\" data-slide-id=\"1\">\n                    <div class=\"os-slide\">\n                      <div class=\"os-slide-bg\" style=\"background-image: url(https:\/\/nathaliepsicologa.com\/wp-content\/uploads\/2018\/02\/pic1.jpg);\"><\/div>\n                      <div class=\"os-slide-content\"><div class=\"os-slide-shade\" style=\"\"><\/div>\n                        \n                        <div class=\"os-slide-content-i\" style=\"background-color: rgba(255,255,255, 0.8)\"><h1>Terapia psicol\u00f3gica junguiana<\/h1>\n<h5>Agende sua sess\u00e3o<\/h5>\n<p>A terapia \u00e9 um espa\u00e7o acolhedor onde s\u00e3o tratadas as quest\u00f5es psicol\u00f3gicas, o autocuidado come\u00e7a aqui.<\/p>\n<p><a class=\"os-btn purple\" href=\"https:\/\/api.whatsapp.com\/send?phone=5511976938583&#038;text=Ol%C3%A1,%20vi%20o%20seu%20site%20e%20gostaria%20de%20mais%20informa%C3%A7%C3%B5es\">Fale comigo no WhatsApp<\/a><\/p>\n<\/div>\n                      <\/div>\n                    <\/div>\n                  <\/div><div class=\"os-slide-w  side-left\" data-slide-id=\"2\">\n                    <div class=\"os-slide\">\n                      <div class=\"os-slide-bg\" style=\"background-image: url(https:\/\/nathaliepsicologa.com\/wp-content\/uploads\/2018\/03\/Hugs-for-Mom-542948542_5760x3840.jpeg);\"><\/div>\n                      <div class=\"os-slide-content\"><div class=\"os-slide-shade\" style=\"\"><\/div>\n                        \n                        <div class=\"os-slide-content-i\" style=\"background-color: rgba(255,255,255, 0.8)\"><h1>Atendimento profissional<\/h1>\n<h5>Fale com um psic\u00f3logo<\/h5>\n<p>Deixa de fazer algo que gostaria por medo? Tem dificuldade para tomar decis\u00f5es por n\u00e3o estar seguro(a).<br \/>\nEst\u00e1 cansado(a) de empurrar os problemas com a barriga? N\u00e3o tem pra onde fugir?<br \/>\nTe digo que enfrentar \u00e9 a melhor escolha! Melhore sua autoconfian\u00e7a.<br \/>\nTome a decis\u00e3o certa!<br \/>\n<a style=\"\" href=\"#\" class=\"os-btn purple\" title=\"\"><span>Agende sua sess\u00e3o<\/span><\/a><\/p>\n<\/div>\n                      <\/div>\n                    <\/div>\n                  <\/div><div class=\"os-slide-w  side-right\" data-slide-id=\"3\">\n                    <div class=\"os-slide\">\n                      <div class=\"os-slide-bg\" style=\"background-image: url(https:\/\/nathaliepsicologa.com\/wp-content\/uploads\/2018\/03\/pic14.jpg);\"><\/div>\n                      <div class=\"os-slide-content\"><div class=\"os-slide-shade\" style=\"\"><\/div>\n                        \n                        <div class=\"os-slide-content-i\" style=\"background-color: rgba(255,255,255, 0.8)\"><h1>Terapia psicol\u00f3gica profissional<\/h1>\n<h5>Fa\u00e7a uma consulta<\/h5>\n<p>A maior parte do seus conflitos est\u00e1 relacionado ao seu trabalho? Seria sobre a sua carreira, o lugar que trabalha ou as pessoas? Sente falta de que algu\u00e9m te escute?<br \/>\nVoc\u00ea est\u00e1 em busca de um momento s\u00f3 seu e sem julgamentos?<br \/>\nSabia que o psic\u00f3logo pode te proporcionar um ambiente neutro e acolhedor?<br \/>\nA terapia \u00e9 o local mais indicado!<br \/>\n<a style=\"\" href=\"#\" class=\"os-btn purple\" title=\"\"><span>Fale comigo!<\/span><\/a><\/p>\n<\/div>\n                      <\/div>\n                    <\/div>\n                  <\/div>\n      <\/div><div class=\"slider-navigation-w\"><div class=\"slide-navi-prev\"><i class=\"os-icon os-icon-arrow-up2\"><\/i><\/div><div class=\"slider-navigation-dot\"><\/div><div class=\"slider-navigation-dot\"><\/div><div class=\"slider-navigation-dot\"><\/div><div class=\"slide-navi-next\"><i class=\"os-icon os-icon-arrow-down2\"><\/i><\/div><\/div>\n      <div class=\"slider-controls\"><div class=\"control-slide active\" data-slide-id=\"1\">\n                              <div class=\"cs-icon\"><i class=\"os-icon os-icon-compassion_feelings\"><\/i><\/div>\n                              <div class=\"cs-description-w\">\n                                <div class=\"cs-label\">Autocuidado<\/div>\n                                <div class=\"cs-description\">Um momento pra voc\u00ea, livre de todos os problemas e preocupa\u00e7\u00f5es! Cuidar somente dos outros pode acabar te adoecendo. Quanto tempo tem dedicado a voc\u00ea?<\/div>\n                              <\/div>\n                            <\/div><div class=\"control-slide \" data-slide-id=\"2\">\n                              <div class=\"cs-icon\"><i class=\"os-icon os-icon-appreciations\"><\/i><\/div>\n                              <div class=\"cs-description-w\">\n                                <div class=\"cs-label\">Como est\u00e1 a autoconfian\u00e7a?<\/div>\n                                <div class=\"cs-description\">A autoconfian\u00e7a \u00e9 importante para que possamos acreditar no que fazemos, sem ela n\u00e3o temos: coragem, integridade, imagina\u00e7\u00e3o e um cora\u00e7\u00e3o resiliente. Quando a recuperamos, damos o nosso melhor e acreditamos mais em n\u00f3s mesmos. A psicoterapia pode te ajudar nesse processo.<\/div>\n                              <\/div>\n                            <\/div><div class=\"control-slide \" data-slide-id=\"3\">\n                              <div class=\"cs-icon\"><i class=\"os-icon os-icon-leadership_growth\"><\/i><\/div>\n                              <div class=\"cs-description-w\">\n                                <div class=\"cs-label\">Melhorias no trabalho<\/div>\n                                <div class=\"cs-description\">A psicoterapia pode te ajudar e lidar melhor com as suas emo\u00e7\u00f5es dentro do trabalho, para que voc\u00ea possa chegar onde quer. Voc\u00ea pode enxergar melhor o que te motiva, qual \u00e9 o seu prop\u00f3sito na carreira e como lidar com as emo\u00e7\u00f5es dentro do ambiente corporativo.<\/div>\n                              <\/div>\n                            <\/div><\/div>\n    <\/div>\n  <\/div>[\/vc_column][\/vc_row][vc_row el_class=&#8221;angle&#8211;bottom-right&#8221;][vc_column]<div class=\"os-section-wrapper  angle--bottom-none angle--top-none  color-scheme-dark vc_custom_1520638735151\"><div class=\"os-container\">\n            <div class=\"os-text-and-features-w  color-scheme-dark layout-as-photos \" style=\"\">\n              <div class=\"os-photo-one\" style=\"background-image: url(https:\/\/nathaliepsicologa.com\/wp-content\/uploads\/2018\/03\/pic15.jpg);\"><\/div><div class=\"os-photo-two\" style=\"background-image: url(https:\/\/nathaliepsicologa.com\/wp-content\/uploads\/2018\/03\/pic14.jpg);\"><\/div>\n              <div class=\"container-fluid\">\n                <div class=\"os-text-and-features-i\"><p>[vc_column_text]<\/p>\n<h2>Meu trabalho<\/h2>\n<h5>Agende sua sess\u00e3o.<\/h5>\n<p>[\/vc_column_text]<div class=\"os-iconed-features-w\"><div class=\"os-feature-with-icon  color-scheme-light text-align-left media-position-left \">\n                <div class=\"fwi-media-w\" style=\"\"><i class=\"os-icon os-icon-social_engagement\" style=\"\"><\/i><\/div>\n                <div class=\"fwi-content-w\">\n                  <h5 class=\"fwi-header\" style=\"\">Adultos e idosos<\/h5>\n                  <div class=\"fwi-content\"><p class=\"p1\"><span class=\"s1\">A psicoterapia para adultos, \u00e9 indicada para voc\u00ea que est\u00e1 passando por algum problema e percebe que sozinho n\u00e3o consegue resolver ou ent\u00e3o voc\u00ea que busca mudar mas n\u00e3o sabe como, e at\u00e9 para quem quer se conhecer melhor.<\/span><\/p>\n<p>Em muitos momentos da vida podemos nos ver em crises e a ajuda de um profissional \u00e9 bem importante, principalmente se:voc\u00ea est\u00e1 com problemas em seus relacionamentos afetivos ou passa por um separa\u00e7\u00e3o, sofre de algum tipo de compuls\u00e3o ou dist\u00farbio alimentar, se percebe muito estressado e n\u00e3o sabe como lidar, sofreu perdas e est\u00e1 em luto, sofre de crises emocionais, tem muita ansiedade ou sintomas depressivos, transtornos psiqui\u00e1tricos, entre outros.<\/p>\n<p>Venha conversar comigo, no que posso te ajudar?<\/p>\n<\/div>\n                  \n                <\/div>\n            <\/div><div class=\"os-feature-with-icon  color-scheme-light text-align-left media-position-left \">\n                <div class=\"fwi-media-w\" style=\"\"><i class=\"os-icon os-icon-focusing_on_solution\" style=\"\"><\/i><\/div>\n                <div class=\"fwi-content-w\">\n                  <h5 class=\"fwi-header\" style=\"\">Adolescentes<\/h5>\n                  <div class=\"fwi-content\"><p class=\"p1\"><span class=\"s1\">A psicoterapia para adolescentes \u00e9 indicada a partir dos 12 anos com a aprova\u00e7\u00e3o e autoriza\u00e7\u00e3o de seus pais. Trabalhamos quest\u00f5es relacionadas aos problemas que surgem nessa fase como: mudan\u00e7as f\u00edsicas e emocionais, dificuldades em rela\u00e7\u00e3o a escolha de profiss\u00e3o, ansiedade pr\u00e9-vestibular, transtornos psicol\u00f3gicos, transtornos alimentares, entre outros.<\/span><\/p>\n<p>\u00c9 um espa\u00e7o neutro, onde voc\u00ea pode se sentir a vontade para falar sobre seus sentimentos, suas ang\u00fastias, suas d\u00favidas e posso te ajudar a compreender todos os desafios dessa nova fase e como voc\u00ea vai lidando com isso.<\/p>\n<p>Estou aberta a te receber e entender o que voc\u00ea precisa.<\/p>\n<\/div>\n                  \n                <\/div>\n            <\/div><div class=\"os-feature-with-icon  color-scheme-light text-align-left media-position-left \">\n                <div class=\"fwi-media-w\" style=\"\"><i class=\"os-icon os-icon-virtruvian_man\" style=\"\"><\/i><\/div>\n                <div class=\"fwi-content-w\">\n                  <h5 class=\"fwi-header\" style=\"\">T\u00e9cnicas corporais <\/h5>\n                  <div class=\"fwi-content\"><p class=\"p1\"><span class=\"s1\">O quanto voc\u00ea tem consci\u00eancia do seu corpo? Sabia que as t\u00e9cnicas corporais podem te ajudar com ansiedade, dores e pode ser muito \u00fatil no processo de psicoterapia?<\/span><\/p>\n<p>A calatonia (toques sutis) \u00e9 uma t\u00e9cnica de relaxamento de integra\u00e7\u00e3o psicof\u00edsica que ajuda a regula\u00e7\u00e3o do t\u00f4nus, promovendo o reequil\u00edbrio f\u00edsico e ps\u00edquico.<\/p>\n<p>Venha descobrir como essa t\u00e9cnica pode te ajudar!<\/p>\n<\/div>\n                  \n                <\/div>\n            <\/div>\n<\/div>\n<\/div>\n              <\/div>\n            <\/div>\n          <\/div>\n<\/div>[\/vc_column][\/vc_row][vc_row][vc_column]<div class=\"os-section-wrapper  angle--bottom-none angle--top-none  color-scheme-light vc_custom_1520557024057\">\n  <div class=\"os-container\">\n    <div class=\"os-section-description align-center desc-compact  color-scheme-light  \"><div class=\"os-section-description-i\"><h5 class=\"section-description-sub-header\">Processo simples<\/h5><div class=\"section-description-content\"><h2>Como funciona?<\/h2>\n<p>A primeira conversa talvez seja a mais dif\u00edcil, mas entenda o que precisa fazer.<\/p>\n<\/div>\n    <\/div><\/div>\n  <\/div><div class=\"os-container\">\n            <div class=\"os-step-w  color-scheme-light text-on-left \">\n              <div class=\"container-fluid\">\n                <div class=\"os-step-i\">\n                  <div class=\"os-step-text\"><h5 class=\"os-step-number\">Step 1:<\/h5><div class=\"os-step-text-i\"><h4>Passo 1 &#8211; Agende sua sess\u00e3o<\/h4>\n<p class=\"p1\"><span class=\"s1\">Se chegou at\u00e9 aqui, me mande uma mensagem via WhatsApp, e-mail ou por minhas redes sociais para agendarmos um hor\u00e1rio. <\/span><\/p>\n<p>Neste primeiro contato falaremos sobre os motivos que o (a) fizeram buscar a psicoterapia e explico o meu modo de trabalho.<\/p>\n<p>O acordo \u00e9 fechado caso seja de interesse de ambos.<\/p>\n<\/div><\/div>\n                  <div class=\"os-step-image-w\" style=\"background-image:url(https:\/\/nathaliepsicologa.com\/wp-content\/uploads\/2018\/03\/pic11.jpg)\">\n                  <\/div>\n                <\/div>\n              <\/div>\n            <\/div>\n          <\/div><div class=\"os-container\">\n            <div class=\"os-step-w  color-scheme-light text-on-left \">\n              <div class=\"container-fluid\">\n                <div class=\"os-step-i\">\n                  <div class=\"os-step-text\"><h5 class=\"os-step-number\">Step 2:<\/h5><div class=\"os-step-text-i\"><h4>Passo 2 &#8211; Plano de tratamento<\/h4>\n<p>De acordo com o que for conversado, trabalhamos as quest\u00f5es principais e atrav\u00e9s da fala, t\u00e9cnicas corporais, testes psicol\u00f3gicos e o que se adequar a cada paciente, o trabalho \u00e9 feito de forma personalizada.<\/p>\n<\/div><\/div>\n                  <div class=\"os-step-image-w\" style=\"background-image:url(https:\/\/nathaliepsicologa.com\/wp-content\/uploads\/2018\/03\/pic12.jpg)\">\n                  <\/div>\n                <\/div>\n              <\/div>\n            <\/div>\n          <\/div>\n<\/div>[\/vc_column][\/vc_row][vc_row][vc_column][vc_column_text]<\/p>\n<p>[\/vc_column_text][\/vc_column][\/vc_row][vc_row][vc_column]<div class=\"os-container\"><div class=\"os-text-and-image  color-scheme-light  \"><div class=\"container-fluid\">\n              <div class=\"row \"><div class=\"col-md-6 os-ti-image\" style=\"background-image: url(https:\/\/nathaliepsicologa.com\/wp-content\/uploads\/2021\/12\/IMG_20210803_155758744-scaled.jpg);\"><\/div><div class=\"col-md-6\"><div class=\"os-ti-content-left\"><h5 class=\"sub-title\">Sobre mim<\/h5><h2>Nathalie Sali\u00e9s<\/h2>\n<p>Sou Psic\u00f3loga Cl\u00ednica, atuo com a abordagem Junguiana que foi desenvolvida por Carl Gustav Jung e pode ser chamada tamb\u00e9m de psicologia anal\u00edtica.<\/p>\n<p>Trabalhamos n\u00e3o s\u00f3 o momento presente, mas tamb\u00e9m as experi\u00eancias do passado e como elas refletem no que somos hoje.<\/p>\n<p>O intuito \u00e9 entrar em contato com a vis\u00e3o simb\u00f3lica, os sonhos e os sintomas que podem aparecer em algum momento da vida, como: ansiedade, depress\u00e3o, fobias, transtornos alimentares, luto, depend\u00eancia emocional, codepend\u00eancia, conflitos de relacionamento, conflitos em rela\u00e7\u00e3o a profiss\u00e3o, entre outros.<\/p>\n<p>&nbsp;<\/p>\n<\/div><\/div><\/div>\n            <\/div><\/div><\/div>[\/vc_column][\/vc_row][vc_row][vc_column][\/vc_column][\/vc_row][vc_row][vc_column]<div class=\"os-container\">\n              <div class=\"os-text-and-quote-w  color-scheme-light \" style=\"background-image: url(https:\/\/nathaliepsicologa.com\/wp-content\/uploads\/2018\/03\/pic16.jpg);\">\n                <div class=\"container-fluid\">\n                  <div class=\"os-text-and-quote-i\">\n                    <div class=\"os-tq-content-left\"><h5 class=\"sub-title\">Saiba o que os pacientes dizem.<\/h5><h2>Depoimentos<\/h2>\n<p>Deixe sua opini\u00e3o!<\/p>\n<\/div>\n                    <div class=\"os-tq-quote-w\">\n                      <div class=\"os-tq-quote-i\">\n                        <div class=\"os-tq-quote\" style=\"\">Ol\u00e1 Nathalie, s\u00f3 posso agradecer por toda ajuda que voc\u00ea me deu nesse per\u00edodo que estivemos juntas, me fazendo ver as possibilidades e a dire\u00e7\u00e3o a seguir para superar as dificuldades e poder comparar o antes e o depois com saldo positivo. Sozinha eu n\u00e3o teria conseguido evoluir tanto. Obrigada, querida e que voc\u00ea seja muito bem sucedida na sua nova empreitada! Boa sorte!<\/div>\n                        <div class=\"os-tq-author\">\n                          <div class=\"os-tq-author-avatar\" style=\"background-image: url(https:\/\/nathaliepsicologa.com\/wp-content\/uploads\/2018\/12\/31598680_2180376082003345_8118549046362112000_n.jpg)\"><\/div>\n                          <div class=\"os-tq-author-avatar-name\">L\u00e9a Silvestre<\/div>\n                          <div class=\"os-tq-author-avatar-extra\">S\u00e3o Paulo - SP<\/div>\n                        <\/div>\n                      <\/div>\n                    <\/div>\n                  <\/div>\n                <\/div>\n              <\/div>\n            <\/div><div class=\"os-container\">\n              <div class=\"os-text-and-quote-w  color-scheme-light \" style=\"background-image: url(https:\/\/nathaliepsicologa.com\/wp-content\/uploads\/2018\/03\/pic16.jpg);\">\n                <div class=\"container-fluid\">\n                  <div class=\"os-text-and-quote-i\">\n                    <div class=\"os-tq-content-left\"><\/div>\n                    <div class=\"os-tq-quote-w\">\n                      <div class=\"os-tq-quote-i\">\n                        <div class=\"os-tq-quote\" style=\"\">Uma psic\u00f3loga muito competente, muito atenta e muito segura. D\u00e1 orienta\u00e7\u00f5es muito objetivas e, como sua paciente, s\u00f3 posso ser grata pela forma como ela conduz as sess\u00f5es. Recomendo!!!<\/div>\n                        <div class=\"os-tq-author\">\n                          <div class=\"os-tq-author-avatar\" style=\"background-image: url(https:\/\/nathaliepsicologa.com\/wp-content\/uploads\/2018\/12\/29543235_1602988459818436_7154332466857395172_n.jpg)\"><\/div>\n                          <div class=\"os-tq-author-avatar-name\">Sueli Lorenzoni<\/div>\n                          <div class=\"os-tq-author-avatar-extra\">S\u00e3o Paulo - SP<\/div>\n                        <\/div>\n                      <\/div>\n                    <\/div>\n                  <\/div>\n                <\/div>\n              <\/div>\n            <\/div><div class=\"os-container\">\n              <div class=\"os-text-and-quote-w  color-scheme-light \" style=\"background-image: url(https:\/\/nathaliepsicologa.com\/wp-content\/uploads\/2018\/03\/pic16.jpg);\">\n                <div class=\"container-fluid\">\n                  <div class=\"os-text-and-quote-i\">\n                    <div class=\"os-tq-content-left\"><\/div>\n                    <div class=\"os-tq-quote-w\">\n                      <div class=\"os-tq-quote-i\">\n                        <div class=\"os-tq-quote\" style=\"\">Uma profissional amiga, que amei estar 1ano e 6 meses ou mais com ela. Recomendo a todos! Serei grata eternamente por todos os dias que me ouviu. Beijos<\/div>\n                        <div class=\"os-tq-author\">\n                          <div class=\"os-tq-author-avatar\" style=\"background-image: url(https:\/\/nathaliepsicologa.com\/wp-content\/uploads\/2018\/12\/15241182_1125839197512875_146709732350172861_n.jpg)\"><\/div>\n                          <div class=\"os-tq-author-avatar-name\">Marlene Reis<\/div>\n                          <div class=\"os-tq-author-avatar-extra\">S\u00e3o Paulo - SP<\/div>\n                        <\/div>\n                      <\/div>\n                    <\/div>\n                  <\/div>\n                <\/div>\n              <\/div>\n            <\/div><div class=\"os-container\">\n              <div class=\"os-text-and-quote-w  color-scheme-light \" style=\"\">\n                <div class=\"container-fluid\">\n                  <div class=\"os-text-and-quote-i\">\n                    <div class=\"os-tq-content-left\"><\/div>\n                    <div class=\"os-tq-quote-w\">\n                      <div class=\"os-tq-quote-i\">\n                        <div class=\"os-tq-quote\" style=\"\">Excelente profissional. Bastante atenciosa e compreens\u00edvel com as quest\u00f5es que s\u00e3o trazidas durante a sess\u00e3o. Faz as perguntas certas pra fazer o paciente ir a fundo no problema.<\/div>\n                        <div class=\"os-tq-author\">\n                          <div class=\"os-tq-author-avatar\" style=\"background-image: url()\"><\/div>\n                          <div class=\"os-tq-author-avatar-name\">Nicacio B.<\/div>\n                          <div class=\"os-tq-author-avatar-extra\">S\u00e3o Paulo - SP<\/div>\n                        <\/div>\n                      <\/div>\n                    <\/div>\n                  <\/div>\n                <\/div>\n              <\/div>\n            <\/div><div class=\"os-container\">\n              <div class=\"os-text-and-quote-w  color-scheme-light \" style=\"\">\n                <div class=\"container-fluid\">\n                  <div class=\"os-text-and-quote-i\">\n                    <div class=\"os-tq-content-left\"><\/div>\n                    <div class=\"os-tq-quote-w\">\n                      <div class=\"os-tq-quote-i\">\n                        <div class=\"os-tq-quote\" style=\"\">O melhor: ``O ambiente \u00e9 maravilhoso e a profissional muito atenciosa`` Poderia melhorar: ``Nada`` Motivo da visita: Anamnese Psicol\u00f3gica<\/div>\n                        <div class=\"os-tq-author\">\n                          <div class=\"os-tq-author-avatar\" style=\"background-image: url()\"><\/div>\n                          <div class=\"os-tq-author-avatar-name\">Paciente visitou em 01\/03\/2018<\/div>\n                          <div class=\"os-tq-author-avatar-extra\">S\u00e3o Paulo - SP<\/div>\n                        <\/div>\n                      <\/div>\n                    <\/div>\n                  <\/div>\n                <\/div>\n              <\/div>\n            <\/div>[\/vc_column][\/vc_row][vc_row][vc_column]<div class=\"os-section-wrapper  angle--bottom-none angle--top-none  color-scheme-light vc_custom_1520901168671\">\n  <div class=\"os-container\">\n    <div class=\"os-section-description align- desc-compact  color-scheme-light  \"><div class=\"os-section-description-i\"><h5 class=\"section-description-sub-header\">Posts Informativos<\/h5><div class=\"section-description-content\"><h2>Leia os artigos do blog<\/h2>\n<p>Neste blog falo sobre reflex\u00f5es, terapia, sa\u00fade mental e assuntos relacionados.<\/p>\n<\/div>\n    <\/div><\/div>\n  <\/div>\n  <div class=\"os-container\">\n    <div class=\"os-recent-posts   color-scheme-light\">\n      <div class=\"container-fluid\"><div class=\"recent-posts-slider\"><div class=\"recent-post-w\"><div class=\"recent-post-i\" style=\"\"><a href=\"https:\/\/nathaliepsicologa.com\/?p=537\" class=\"recent-post-media\" style=\"background-image: url(https:\/\/nathaliepsicologa.com\/wp-content\/uploads\/2018\/03\/Beautiful-girl-on-the-background-of-spring-bush-546443748_3869x2579.jpeg);\"><\/a><h6><a href=\"https:\/\/nathaliepsicologa.com\/?p=537\">O que estou sentindo?<\/a><\/h6><\/div><\/div><div class=\"recent-post-w\"><div class=\"recent-post-i\" style=\"\"><a href=\"https:\/\/nathaliepsicologa.com\/?p=709\" class=\"recent-post-media\" style=\"background-image: url(https:\/\/nathaliepsicologa.com\/wp-content\/uploads\/2018\/03\/pic18.jpg);\"><\/a><h6><a href=\"https:\/\/nathaliepsicologa.com\/?p=709\">Como eu sei que preciso de terapia?<\/a><\/h6><\/div><\/div><div class=\"recent-post-w\"><div class=\"recent-post-i\" style=\"\"><a href=\"https:\/\/nathaliepsicologa.com\/?p=538\" class=\"recent-post-media\" style=\"background-image: url(https:\/\/nathaliepsicologa.com\/wp-content\/uploads\/2018\/03\/Beautiful-day-for-cycling.-598145012_4256x2832.jpeg);\"><\/a><h6><a href=\"https:\/\/nathaliepsicologa.com\/?p=538\">Tenho dificuldade em dizer n\u00e3o.<\/a><\/h6><\/div><\/div>\n      <\/div><\/div>\n    <\/div>\n  <\/div>\n<\/div>[\/vc_column][\/vc_row]<\/p>\n","protected":false},"excerpt":{"rendered":"<p>[vc_row][vc_column][\/vc_column][\/vc_row][vc_row el_class=&#8221;angle&#8211;bottom-right&#8221;][vc_column][\/vc_column][\/vc_row][vc_row][vc_column][\/vc_column][\/vc_row][vc_row][vc_column][vc_column_text] [\/vc_column_text][\/vc_column][\/vc_row][vc_row][vc_column][\/vc_column][\/vc_row][vc_row][vc_column][\/vc_column][\/vc_row][vc_row][vc_column][\/vc_column][\/vc_row][vc_row][vc_column][\/vc_column][\/vc_row]<\/p>\n","protected":false},"author":1,"featured_media":0,"parent":0,"menu_order":0,"comment_status":"closed","ping_status":"closed","template":"page-home.php","meta":{"footnotes":""},"class_list":["post-740","page","type-page","status-publish","hentry"],"_links":{"self":[{"href":"https:\/\/nathaliepsicologa.com\/index.php?rest_route=\/wp\/v2\/pages\/740","targetHints":{"allow":["GET"]}}],"collection":[{"href":"https:\/\/nathaliepsicologa.com\/index.php?rest_route=\/wp\/v2\/pages"}],"about":[{"href":"https:\/\/nathaliepsicologa.com\/index.php?rest_route=\/wp\/v2\/types\/page"}],"author":[{"embeddable":true,"href":"https:\/\/nathaliepsicologa.com\/index.php?rest_route=\/wp\/v2\/users\/1"}],"replies":[{"embeddable":true,"href":"https:\/\/nathaliepsicologa.com\/index.php?rest_route=%2Fwp%2Fv2%2Fcomments&post=740"}],"version-history":[{"count":65,"href":"https:\/\/nathaliepsicologa.com\/index.php?rest_route=\/wp\/v2\/pages\/740\/revisions"}],"predecessor-version":[{"id":1056,"href":"https:\/\/nathaliepsicologa.com\/index.php?rest_route=\/wp\/v2\/pages\/740\/revisions\/1056"}],"wp:attachment":[{"href":"https:\/\/nathaliepsicologa.com\/index.php?rest_route=%2Fwp%2Fv2%2Fmedia&parent=740"}],"curies":[{"name":"wp","href":"https:\/\/api.w.org\/{rel}","templated":true}]}}