{"id":9,"date":"2018-02-22T18:48:11","date_gmt":"2018-02-22T18:48:11","guid":{"rendered":"http:\/\/local.psych\/?page_id=9"},"modified":"2019-01-11T19:12:56","modified_gmt":"2019-01-11T21:12:56","slug":"about-me","status":"publish","type":"page","link":"https:\/\/nathaliepsicologa.com\/?page_id=9","title":{"rendered":"Quem sou eu"},"content":{"rendered":"<p>[vc_row][vc_column][vc_column_text]<img loading=\"lazy\" decoding=\"async\" class=\"alignright wp-image-552\" src=\"http:\/\/local.psych\/wp-content\/uploads\/2018\/03\/pic17-239x300.jpg\" alt=\"\" width=\"360\" height=\"452\" \/>Sou a Nathalie Sali\u00e9s, psic\u00f3loga formada desde 2011 e especialista em psicoterapia junguiana na Unip.<\/p>\n<p>Tenho uma rela\u00e7\u00e3o de amor com a psicologia, atuei por mais de 10 anos em RH com foco em Recrutamento e Sele\u00e7\u00e3o em TI. Ap\u00f3s uma transi\u00e7\u00e3o de carreira no ano de 2015, mergulhei na \u00e1rea cl\u00ednica onde pude me apaixonar ainda mais.<\/p>\n<p>Nesta experi\u00eancia corporativa, acompanhei diversos casos de profissionais que adoeceram por causa do trabalho por dificuldade em n\u00e3o saber o limite e at\u00e9 mesmo com a press\u00e3o de ter o trabalho como prioridade. O quanto \u00e9 necess\u00e1rio nos preservarmos para n\u00e3o adoecermos dentro destes ambientes muitas vezes enlouquecedores.<\/p>\n<p>Realizo atendimentos a adultos e idosos, trabalhei por um bom tempo bem voltada ao atendimento a idosos, percebi que a terapia n\u00e3o tem idade, nunca \u00e9 tarde para buscar se melhorar. Acompanhei casos de pacientes senis e desenvolvi trabalhos personalizados para auxiliar as fam\u00edlias a como lidar com essas dificuldades com um ente querido e acolhi pacientes que se encontravam bem debilitados. Percebi grande diferen\u00e7a em diversos casos. Nossa popula\u00e7\u00e3o est\u00e1 cada vez mais idosa e merecem toda nossa aten\u00e7\u00e3o.[\/vc_column_text][\/vc_column][\/vc_row][vc_row][vc_column][vc_column_text]<\/p>\n<h4>Como posso te ajudar?<\/h4>\n<p>A busca por ajuda n\u00e3o \u00e9 uma decis\u00e3o f\u00e1cil, portanto cada que um chega com suas quest\u00f5es, procuro conhecer sua hist\u00f3ria e entender o momento que est\u00e1 vivendo.<\/p>\n<p>Hoje em dia \u00e9 muito comum sabermos de algum caso de depress\u00e3o, crises de p\u00e2nico e de ansiedade extrema. Podemos n\u00e3o nos dar conta de que aos poucos vamos adoecendo, muitas vezes preocupados em cuidar da fam\u00edlia, em garantir o sustento dentro de casa, nos preocupamos muito com os outros e com isso vamos esquecendo de n\u00f3s mesmos e ignorando o que sentimos. A vida nos cobra atitudes pr\u00e1ticas, mas sabemos qual \u00e9 o limite?<\/p>\n<p>\u00c9 comum eu receber casos de: depress\u00e3o, transtornos de ansiedade, transtornos alimentares, luto, depend\u00eancia emocional, codepend\u00eancia, conflitos de relacionamento, conflitos em rela\u00e7\u00e3o profiss\u00e3o, transi\u00e7\u00e3o de carreira, entre outros.<\/p>\n<p>Considero como algo muito importante ouvir a hist\u00f3ria de cada um e os motivos que a fizeram me procurar. Acredito que cada um sente e vivencia as coisas de um jeito, respeito e ou\u00e7o com muita aten\u00e7\u00e3o cada fala, ajudo a olhar a sua vida de diversos \u00e2ngulos e juntos constru\u00edmos um processo de autoconhecimento para que as mudan\u00e7as que s\u00e3o necess\u00e1rias sejam feitas respeitando o limite de cada um.<\/p>\n<p>Utilizo a abordagem junguiana no atendimento em psicoterapia individual. Me identifico totalmente com essa linha por trabalhar a vis\u00e3o simb\u00f3lica e com instrumentos que auxiliam nos atendimentos como: calatonia (toques sutis) que \u00e9 uma t\u00e9cnica corporal , t\u00e9cnicas projetivas e testes quando acho necess\u00e1rio.<\/p>\n<p>Dedico parte do meu tempo aos estudos, supervis\u00e3o, grupo de estudos e terapia, para que possa cada vez mais me aprimorar e poder fazer um trabalho de qualidade e humanizado.[\/vc_column_text][\/vc_column][\/vc_row]<\/p>\n","protected":false},"excerpt":{"rendered":"<p>[vc_row][vc_column][vc_column_text]Sou a Nathalie Sali\u00e9s, psic\u00f3loga formada desde 2011 e especialista em psicoterapia junguiana na Unip. Tenho uma rela\u00e7\u00e3o de amor com a psicologia, atuei por mais de 10 anos em RH com foco em Recrutamento e Sele\u00e7\u00e3o em TI. Ap\u00f3s uma transi\u00e7\u00e3o de carreira no ano de 2015, mergulhei na \u00e1rea cl\u00ednica onde pude me&#8230;<\/p>\n<div class=\" [&hellip;]\"><a href=\"https:\/\/nathaliepsicologa.com\/?page_id=9\">Read More<\/a><\/div>\n","protected":false},"author":1,"featured_media":546,"parent":0,"menu_order":0,"comment_status":"closed","ping_status":"closed","template":"","meta":{"footnotes":""},"class_list":["post-9","page","type-page","status-publish","has-post-thumbnail","hentry"],"_links":{"self":[{"href":"https:\/\/nathaliepsicologa.com\/index.php?rest_route=\/wp\/v2\/pages\/9","targetHints":{"allow":["GET"]}}],"collection":[{"href":"https:\/\/nathaliepsicologa.com\/index.php?rest_route=\/wp\/v2\/pages"}],"about":[{"href":"https:\/\/nathaliepsicologa.com\/index.php?rest_route=\/wp\/v2\/types\/page"}],"author":[{"embeddable":true,"href":"https:\/\/nathaliepsicologa.com\/index.php?rest_route=\/wp\/v2\/users\/1"}],"replies":[{"embeddable":true,"href":"https:\/\/nathaliepsicologa.com\/index.php?rest_route=%2Fwp%2Fv2%2Fcomments&post=9"}],"version-history":[{"count":17,"href":"https:\/\/nathaliepsicologa.com\/index.php?rest_route=\/wp\/v2\/pages\/9\/revisions"}],"predecessor-version":[{"id":994,"href":"https:\/\/nathaliepsicologa.com\/index.php?rest_route=\/wp\/v2\/pages\/9\/revisions\/994"}],"wp:featuredmedia":[{"embeddable":true,"href":"https:\/\/nathaliepsicologa.com\/index.php?rest_route=\/wp\/v2\/media\/546"}],"wp:attachment":[{"href":"https:\/\/nathaliepsicologa.com\/index.php?rest_route=%2Fwp%2Fv2%2Fmedia&parent=9"}],"curies":[{"name":"wp","href":"https:\/\/api.w.org\/{rel}","templated":true}]}}